{"id":5,"date":"2023-03-03T14:22:38","date_gmt":"2023-03-03T14:22:38","guid":{"rendered":"https:\/\/ruthardt-horneber.de\/?page_id=5"},"modified":"2023-03-03T15:26:29","modified_gmt":"2023-03-03T15:26:29","slug":"trauma-integration","status":"publish","type":"page","link":"https:\/\/ruthardt-horneber.de\/","title":{"rendered":"Willkommen"},"content":{"rendered":"\n<p>nach langj\u00e4hriger professioneller Arbeit in klinischen und beratenden T\u00e4tigkeiten und auf dem Hintergrund von mehreren Jahrzehnten Engagement in sozialen, entwicklungspolitischen und \u00f6kumenischen Initiativen und Bewegungen und vielseitiger gemeinschaftlicher, interkultureller und spiritueller Lebenserfahrung, biete ich Ihnen:<\/p>\n\n\n\n<ul>\n<li><a href=\"https:\/\/ruthardt-horneber.de\/?page_id=35\">Beratung und Coaching im interkulturellen Kontext<\/a><br>mit den Schwerpunkten Trauma-Integration und Stress-Management<\/li>\n<\/ul>\n\n\n\n<p>sowie individuelle<\/p>\n\n\n\n<ul>\n<li><a href=\"https:\/\/ruthardt-horneber.de\/?page_id=38\">therapeutische Begleitung<\/a><\/li>\n\n\n\n<li><a href=\"https:\/\/ruthardt-horneber.de\/?page_id=40\">Supervision<\/a><\/li>\n\n\n\n<li><a href=\"https:\/\/ruthardt-horneber.de\/?page_id=43\">Coaching<\/a><\/li>\n\n\n\n<li><a href=\"https:\/\/ruthardt-horneber.de\/?page_id=45\">Auszeit<\/a><\/li>\n<\/ul>\n","protected":false},"excerpt":{"rendered":"<p>nach langj\u00e4hriger professioneller Arbeit in klinischen und beratenden T\u00e4tigkeiten und auf dem Hintergrund von mehreren Jahrzehnten Engagement in sozialen, entwicklungspolitischen und \u00f6kumenischen Initiativen und Bewegungen und vielseitiger gemeinschaftlicher, interkultureller und spiritueller Lebenserfahrung, biete ich Ihnen: sowie individuelle<\/p>\n","protected":false},"author":1,"featured_media":0,"parent":0,"menu_order":0,"comment_status":"closed","ping_status":"closed","template":"","meta":[],"_links":{"self":[{"href":"https:\/\/ruthardt-horneber.de\/index.php?rest_route=\/wp\/v2\/pages\/5"}],"collection":[{"href":"https:\/\/ruthardt-horneber.de\/index.php?rest_route=\/wp\/v2\/pages"}],"about":[{"href":"https:\/\/ruthardt-horneber.de\/index.php?rest_route=\/wp\/v2\/types\/page"}],"author":[{"embeddable":true,"href":"https:\/\/ruthardt-horneber.de\/index.php?rest_route=\/wp\/v2\/users\/1"}],"replies":[{"embeddable":true,"href":"https:\/\/ruthardt-horneber.de\/index.php?rest_route=%2Fwp%2Fv2%2Fcomments&post=5"}],"version-history":[{"count":5,"href":"https:\/\/ruthardt-horneber.de\/index.php?rest_route=\/wp\/v2\/pages\/5\/revisions"}],"predecessor-version":[{"id":87,"href":"https:\/\/ruthardt-horneber.de\/index.php?rest_route=\/wp\/v2\/pages\/5\/revisions\/87"}],"wp:attachment":[{"href":"https:\/\/ruthardt-horneber.de\/index.php?rest_route=%2Fwp%2Fv2%2Fmedia&parent=5"}],"curies":[{"name":"wp","href":"https:\/\/api.w.org\/{rel}","templated":true}]}}