{"id":45,"date":"2023-03-03T14:50:36","date_gmt":"2023-03-03T14:50:36","guid":{"rendered":"https:\/\/ruthardt-horneber.de\/?page_id=45"},"modified":"2023-03-03T14:51:36","modified_gmt":"2023-03-03T14:51:36","slug":"angebote-auszeit","status":"publish","type":"page","link":"https:\/\/ruthardt-horneber.de\/?page_id=45","title":{"rendered":"Angebote: Auszeit"},"content":{"rendered":"\n<h2>Auszeit\/ Time-out<\/h2>\n\n\n\n<p>Menschen in pers\u00f6nlichen und beruflichen Ver\u00e4nderungen, Krisensituationen, Trauer-Prozessen oder einfach mit dem Wunsch nach einigen Tagen bis Wochen Abstand vom Alltag biete ich die M\u00f6glichkeit sich in die Stille zur\u00fcck zu ziehen, in einer weiten und reizvollen l\u00e4ndlichen Umgebung, einfachen G\u00e4stezimmern mit Selbstversorger-K\u00fcche, Meditations- und Seminarraum, gro\u00dfem Garten und \u00fcberdachter Terrasse.<br><br>In diesem Rahmen k\u00f6nnen begleitende <a href=\"https:\/\/ruthardt-horneber.de\/?page_id=38\" data-type=\"page\" data-id=\"38\">therapeutische Gespr\u00e4che<\/a>, <a href=\"https:\/\/ruthardt-horneber.de\/?page_id=40\" data-type=\"page\" data-id=\"40\">Supervision<\/a>, <a href=\"https:\/\/ruthardt-horneber.de\/?page_id=43\" data-type=\"page\" data-id=\"43\">Coaching und Beratung<\/a> nach individueller Vereinbarung in Anspruch genommen werden.<br><br>Weitere m\u00f6gliche Angebote im Zusammenhang einer Auszeit: Einf\u00fchrung in Stilles Sitzen\/ Meditation (ZaZen), Qi Gong, Atem-Wahrnehmungs- und Achtsamkeits\u00fcbungen.<br><br>Ebenso gilt das Angebot, das gemeinschaftliche Lebensprojekt der Hofgemeinschaft Guggenhausen (hier der letzte Gemeinschaftsrundbrief LINK) im Rahmen einer Auszeit kennen zu lernen: Teilnahme an einzelnen gemeinsamen Mahlzeiten, an liturgisch-spirituellen Angeboten im Stil von Taiz\u00e9, mit einer interkonfessionell und interreligi\u00f6s offenen Haltung, Information \u00fcber nachhaltige Lebensweisen, Alternativ-Energie-Nutzung, \u00f6kologische und kulturelle Zusammenh\u00e4nge im weltweiten Horizont z. B. der <a href=\"http:\/\/www.erd-charta.de\">Erd-Charta<\/a> und der <a href=\"http:\/\/www.oeiew.de\">\u00d6kumenische Initiative Eine Welt<\/a>.<\/p>\n\n\n\n<p><a href=\"https:\/\/ruthardt-horneber.de\/?page_id=17\" data-type=\"page\" data-id=\"17\">&gt; Konditionen<\/a><\/p>\n","protected":false},"excerpt":{"rendered":"<p>Auszeit\/ Time-out Menschen in pers\u00f6nlichen und beruflichen Ver\u00e4nderungen, Krisensituationen, Trauer-Prozessen oder einfach mit dem Wunsch nach einigen Tagen bis Wochen Abstand vom Alltag biete ich die M\u00f6glichkeit sich in die Stille zur\u00fcck zu ziehen, in einer weiten und reizvollen l\u00e4ndlichen Umgebung, einfachen G\u00e4stezimmern mit Selbstversorger-K\u00fcche, Meditations- und Seminarraum, gro\u00dfem Garten und \u00fcberdachter Terrasse. In diesem &hellip; <\/p>\n<p class=\"link-more\"><a href=\"https:\/\/ruthardt-horneber.de\/?page_id=45\" class=\"more-link\">Continue reading<span class=\"screen-reader-text\"> &#8220;Angebote: Auszeit&#8221;<\/span><\/a><\/p>\n","protected":false},"author":1,"featured_media":0,"parent":0,"menu_order":0,"comment_status":"closed","ping_status":"closed","template":"","meta":[],"_links":{"self":[{"href":"https:\/\/ruthardt-horneber.de\/index.php?rest_route=\/wp\/v2\/pages\/45"}],"collection":[{"href":"https:\/\/ruthardt-horneber.de\/index.php?rest_route=\/wp\/v2\/pages"}],"about":[{"href":"https:\/\/ruthardt-horneber.de\/index.php?rest_route=\/wp\/v2\/types\/page"}],"author":[{"embeddable":true,"href":"https:\/\/ruthardt-horneber.de\/index.php?rest_route=\/wp\/v2\/users\/1"}],"replies":[{"embeddable":true,"href":"https:\/\/ruthardt-horneber.de\/index.php?rest_route=%2Fwp%2Fv2%2Fcomments&post=45"}],"version-history":[{"count":2,"href":"https:\/\/ruthardt-horneber.de\/index.php?rest_route=\/wp\/v2\/pages\/45\/revisions"}],"predecessor-version":[{"id":47,"href":"https:\/\/ruthardt-horneber.de\/index.php?rest_route=\/wp\/v2\/pages\/45\/revisions\/47"}],"wp:attachment":[{"href":"https:\/\/ruthardt-horneber.de\/index.php?rest_route=%2Fwp%2Fv2%2Fmedia&parent=45"}],"curies":[{"name":"wp","href":"https:\/\/api.w.org\/{rel}","templated":true}]}}