{"id":43,"date":"2023-03-03T14:49:54","date_gmt":"2023-03-03T14:49:54","guid":{"rendered":"https:\/\/ruthardt-horneber.de\/?page_id=43"},"modified":"2023-03-03T15:23:00","modified_gmt":"2023-03-03T15:23:00","slug":"angebote-coaching","status":"publish","type":"page","link":"https:\/\/ruthardt-horneber.de\/?page_id=43","title":{"rendered":"Angebote: Coaching"},"content":{"rendered":"\n<h2>Coaching<\/h2>\n\n\n\n<p><strong>Dieses Anbgebot richtet sich vor allem an Menschen in beruflichen und pers\u00f6nlichen Ver\u00e4nderungsprozessen, wenn Sie &#8230;<\/strong><\/p>\n\n\n\n<ul>\n<li>sich in verantwortlichen beruflichen Positionen neu orientieren, Priorit\u00e4ten setzen und Ihre Work-Life-Balance in guter Weise gestalten wollen<\/li>\n\n\n\n<li>sich ein achtsames Gegen\u00fcber mit Weitblick, Professionalit\u00e4t und Lebenserfahrung w\u00fcnschen, um existentielle Fragen zu kl\u00e4ren, Lebens-Entscheidungen zu reflektieren und\/ oder um ihre pers\u00f6nlichen Soft Skills weiter zu entwickeln<\/li>\n\n\n\n<li>sich pers\u00f6nlich oder beruflich in einer Sackgasse f\u00fchlen oder \u201eauf der Stelle treten\u201c und auf der Suche nach neuen Impulsen oder einem f\u00fcr Sie passenden spirituellen \u00dcbungs- und Vertiefungsweg sind<\/li>\n<\/ul>\n\n\n\n<p>Ich begleite Sie dabei in zun\u00e4chst f\u00fcnf Gespr\u00e4chsterminen, um mit Ihnen eine Bestandsaufnahme Ihrer Lebens- und Berufs-Themen, sowie erste Impulse und Perspektiven zur Weiterentwicklung zu erarbeiten. Daraus kann sich bei Bedarf und Interesse auch ein l\u00e4ngerfristiger beruflicher oder Life-Coaching-Prozess entwickeln.<br><br>Ein spezifischer Schwerpunkt meiner Coaching-Arbeit ist die pers\u00f6nliche Begleitung von Fachkr\u00e4ften in der internationalen Entwicklungszusammenarbeit, Friedens- und Menschenrechts-Arbeit oder in der humanit\u00e4ren Katastrophenhilfe. Diese Arbeitsfelder stellen besondere Herausforderungen an Stressmanagement, Traumakompetenz und \u2013integration und profitieren von einem Coaching, das interkulturell und traumabezogen achtsam und erfahren ist, um Burnout oder sekund\u00e4ren Traumatisierungen vorzubeugen und interkulturellen Konflikt- und Kommunikations-Situationen angemessen begegnen zu k\u00f6nnen.<br><br>W\u00e4hrend eines Arbeitsaufenthalts im Ausland kann der Coachingprozess via e-mail, Telefon oder Skype fortgesetzt werden. Auch ein einmaliges vor-Ort-Coaching am Arbeitsplatz im Ausland kann Teil des Vertrags sein.<br><br>Dieses Angebot richtet sich neben Einzelpersonen auch an Teams, Organisations- und Tr\u00e4gerstrukturen, sowie Projekte im In- und Ausland und kann bei Bedarf um Weiterbildungen zu Psychohygiene, Stress-Bew\u00e4ltigungs- und Trauma-Integrations-Kompetenz erweitert werden.<br><br>An meinem Praxis-Ort in <a href=\"https:\/\/ruthardt-horneber.de\/?page_id=20\" data-type=\"page\" data-id=\"20\">Guggenhausen<\/a> biete ich intensivere Coaching-Prozesse auch verbunden mit einer mehrt\u00e4gigen <a href=\"https:\/\/ruthardt-horneber.de\/?page_id=45\" data-type=\"page\" data-id=\"45\">Auszeit<\/a> an.<\/p>\n\n\n\n<p><a href=\"https:\/\/ruthardt-horneber.de\/?page_id=17\" data-type=\"page\" data-id=\"17\">&gt; Konditionen<\/a><\/p>\n","protected":false},"excerpt":{"rendered":"<p>Coaching Dieses Anbgebot richtet sich vor allem an Menschen in beruflichen und pers\u00f6nlichen Ver\u00e4nderungsprozessen, wenn Sie &#8230; Ich begleite Sie dabei in zun\u00e4chst f\u00fcnf Gespr\u00e4chsterminen, um mit Ihnen eine Bestandsaufnahme Ihrer Lebens- und Berufs-Themen, sowie erste Impulse und Perspektiven zur Weiterentwicklung zu erarbeiten. Daraus kann sich bei Bedarf und Interesse auch ein l\u00e4ngerfristiger beruflicher oder &hellip; <\/p>\n<p class=\"link-more\"><a href=\"https:\/\/ruthardt-horneber.de\/?page_id=43\" class=\"more-link\">Continue reading<span class=\"screen-reader-text\"> &#8220;Angebote: Coaching&#8221;<\/span><\/a><\/p>\n","protected":false},"author":1,"featured_media":0,"parent":0,"menu_order":0,"comment_status":"closed","ping_status":"closed","template":"","meta":[],"_links":{"self":[{"href":"https:\/\/ruthardt-horneber.de\/index.php?rest_route=\/wp\/v2\/pages\/43"}],"collection":[{"href":"https:\/\/ruthardt-horneber.de\/index.php?rest_route=\/wp\/v2\/pages"}],"about":[{"href":"https:\/\/ruthardt-horneber.de\/index.php?rest_route=\/wp\/v2\/types\/page"}],"author":[{"embeddable":true,"href":"https:\/\/ruthardt-horneber.de\/index.php?rest_route=\/wp\/v2\/users\/1"}],"replies":[{"embeddable":true,"href":"https:\/\/ruthardt-horneber.de\/index.php?rest_route=%2Fwp%2Fv2%2Fcomments&post=43"}],"version-history":[{"count":4,"href":"https:\/\/ruthardt-horneber.de\/index.php?rest_route=\/wp\/v2\/pages\/43\/revisions"}],"predecessor-version":[{"id":80,"href":"https:\/\/ruthardt-horneber.de\/index.php?rest_route=\/wp\/v2\/pages\/43\/revisions\/80"}],"wp:attachment":[{"href":"https:\/\/ruthardt-horneber.de\/index.php?rest_route=%2Fwp%2Fv2%2Fmedia&parent=43"}],"curies":[{"name":"wp","href":"https:\/\/api.w.org\/{rel}","templated":true}]}}