{"id":38,"date":"2023-03-03T14:47:24","date_gmt":"2023-03-03T14:47:24","guid":{"rendered":"https:\/\/ruthardt-horneber.de\/?page_id=38"},"modified":"2023-03-03T15:23:32","modified_gmt":"2023-03-03T15:23:32","slug":"angebote-therapie-therapeutische-begleitung","status":"publish","type":"page","link":"https:\/\/ruthardt-horneber.de\/?page_id=38","title":{"rendered":"Angebote: Therapie\/ Therapeutische Begleitung"},"content":{"rendered":"\n<h2>Therapie\/ Therapeutische Begleitung<\/h2>\n\n\n\n<p><strong>Auf dem Hintergrund langj\u00e4hriger klinischer Erfahrung als Psychotherapeutin in einer psychosomatischen Reha-Klinik begleite ich Sie in einem individuell ausgerichteten Therapie-Prozess<\/strong><\/p>\n\n\n\n<ul>\n<li>zu Themen der emotionalen, Beziehungs- und Pers\u00f6nlichkeits-Nachreifung<\/li>\n\n\n\n<li>in Fragen und Problemen der Paar- und Familien-Beziehungs-Gestaltung&nbsp;<\/li>\n\n\n\n<li>im Bew\u00e4ltigen und Integrieren von Trauer-Erfahrungen und Traumatisierungen<\/li>\n\n\n\n<li>bei Essst\u00f6rungen, Selbstverletzungs-Impulsen oder anderen verhaltensgebundenen St\u00f6rungen<\/li>\n\n\n\n<li>im Ein\u00fcben und St\u00e4rken von Stressbew\u00e4ltigungskompetenz und Trainieren von \u201esoft skills\u201c zu Alltagsbew\u00e4ltigung und sozialer Kompetenz<\/li>\n<\/ul>\n\n\n\n<p>Ich arbeite mit systemischen, tiefenpsychologischen, kognitiv-strukturierenden und transpersonalen Therapie-Ans\u00e4tzen, die ich prozessorientiert flexibel handhabe. Auf Wunsch k\u00f6nnen wir spirituelle Themen, k\u00f6rperorientierte Elemente (Atem- und K\u00f6rperwahrnehmung, Qi Gong) und achtsamkeitsbasierte Wege\/ Anleitung zu eigener meditativer \u00dcbungspraxis einbeziehen, sofern dies indiziert ist.<\/p>\n\n\n\n<p><a href=\"https:\/\/ruthardt-horneber.de\/?page_id=17\" data-type=\"page\" data-id=\"17\">&gt; Konditionen<\/a><\/p>\n","protected":false},"excerpt":{"rendered":"<p>Therapie\/ Therapeutische Begleitung Auf dem Hintergrund langj\u00e4hriger klinischer Erfahrung als Psychotherapeutin in einer psychosomatischen Reha-Klinik begleite ich Sie in einem individuell ausgerichteten Therapie-Prozess Ich arbeite mit systemischen, tiefenpsychologischen, kognitiv-strukturierenden und transpersonalen Therapie-Ans\u00e4tzen, die ich prozessorientiert flexibel handhabe. Auf Wunsch k\u00f6nnen wir spirituelle Themen, k\u00f6rperorientierte Elemente (Atem- und K\u00f6rperwahrnehmung, Qi Gong) und achtsamkeitsbasierte Wege\/ Anleitung zu &hellip; <\/p>\n<p class=\"link-more\"><a href=\"https:\/\/ruthardt-horneber.de\/?page_id=38\" class=\"more-link\">Continue reading<span class=\"screen-reader-text\"> &#8220;Angebote: Therapie\/ Therapeutische Begleitung&#8221;<\/span><\/a><\/p>\n","protected":false},"author":1,"featured_media":0,"parent":0,"menu_order":0,"comment_status":"closed","ping_status":"closed","template":"","meta":[],"_links":{"self":[{"href":"https:\/\/ruthardt-horneber.de\/index.php?rest_route=\/wp\/v2\/pages\/38"}],"collection":[{"href":"https:\/\/ruthardt-horneber.de\/index.php?rest_route=\/wp\/v2\/pages"}],"about":[{"href":"https:\/\/ruthardt-horneber.de\/index.php?rest_route=\/wp\/v2\/types\/page"}],"author":[{"embeddable":true,"href":"https:\/\/ruthardt-horneber.de\/index.php?rest_route=\/wp\/v2\/users\/1"}],"replies":[{"embeddable":true,"href":"https:\/\/ruthardt-horneber.de\/index.php?rest_route=%2Fwp%2Fv2%2Fcomments&post=38"}],"version-history":[{"count":4,"href":"https:\/\/ruthardt-horneber.de\/index.php?rest_route=\/wp\/v2\/pages\/38\/revisions"}],"predecessor-version":[{"id":81,"href":"https:\/\/ruthardt-horneber.de\/index.php?rest_route=\/wp\/v2\/pages\/38\/revisions\/81"}],"wp:attachment":[{"href":"https:\/\/ruthardt-horneber.de\/index.php?rest_route=%2Fwp%2Fv2%2Fmedia&parent=38"}],"curies":[{"name":"wp","href":"https:\/\/api.w.org\/{rel}","templated":true}]}}