{"id":35,"date":"2023-03-03T14:45:56","date_gmt":"2023-03-03T14:45:56","guid":{"rendered":"https:\/\/ruthardt-horneber.de\/?page_id=35"},"modified":"2023-03-03T15:23:44","modified_gmt":"2023-03-03T15:23:44","slug":"angebote-beratung-coaching","status":"publish","type":"page","link":"https:\/\/ruthardt-horneber.de\/?page_id=35","title":{"rendered":"Angebote: trauma integration"},"content":{"rendered":"\n<h2>Beratung \/ Coaching interkulturell <br>mit Schwerpunkt Trauma-Integration <br>und Stress-Management<\/h2>\n\n\n\n<p><strong>Individuell zugeschnittene Beratungs- und Weiterbildungskonzepte f\u00fcr Fachkr\u00e4fte und Organisationen \/ Initiativen \/ Projekte im Bereich der internationalen Entwicklungs-zusammenarbeit \/ Friedens- und Menschenrechts-Arbeit und humanit\u00e4ren Notfallhilfe.<\/strong><br><br><strong>Themen<\/strong><\/p>\n\n\n\n<ul>\n<li>Sensibilisierung \/ grundlegende Schulung und Mainstreaming zu Trauma-Integration \/ Psychohygiene \/ Stress-Management \/ Burnout-Prophylaxe<\/li>\n\n\n\n<li>Pers\u00f6nliche und fachliche Begleitung von einzelnen Fachkr\u00e4ften oder Projekt-Teams zur Prophylaxe oder Bew\u00e4ltigung extremer Stress-Erfahrungen w\u00e4hrend des Auslandseinsatzes oder situativ bei\/ nach Auftreten besonderer Belastungs-Situationen<\/li>\n\n\n\n<li>Vorbereitung, Begleitung und Integrations-Coaching f\u00fcr die Arbeit in interkulturellen Kontexten<\/li>\n\n\n\n<li>Fachberatung in laufenden Projekten im Hinblick auf Projekt- und Personal-Entwicklung hinsichtlich Trauma-Kompetenz<\/li>\n\n\n\n<li>Fachliche Begleitung und Beratung bei der Entwicklung ad\u00e4quater zielgruppenorientierter Konzepte und Materialien zu spezifischen Trauma-Kontexten (z.B. in Nach-Konflikt-Regionen, sexuellen Gewalt-Traumata, Traumatisierungen und kollektive Trauerprozesse nach Naturkatastrophen etc.)<\/li>\n\n\n\n<li>akute Krisenintervention zur psychosozialen Begleitung von Fachkr\u00e4fte-Teams vor Ort<br><\/li>\n<\/ul>\n\n\n\n<p>Alle Themen sind f\u00fcr die Arbeit mit Gruppen &amp; Teams konzipiert, k\u00f6nnen aber auch gerne im Rahmen einer therapeutische <a href=\"https:\/\/ruthardt-horneber.de\/?page_id=38\" data-type=\"page\" data-id=\"38\">Einzel-Begleitung \/ Beratung<\/a>, <a href=\"https:\/\/ruthardt-horneber.de\/?page_id=40\" data-type=\"page\" data-id=\"40\">Supervision <\/a>und\/oder <a href=\"https:\/\/ruthardt-horneber.de\/?page_id=43\" data-type=\"page\" data-id=\"43\">Coaching <\/a>bearbeitet werden.<\/p>\n\n\n\n<p><a href=\"https:\/\/ruthardt-horneber.de\/?page_id=17\" data-type=\"page\" data-id=\"17\">&gt; Konditionen<\/a><\/p>\n","protected":false},"excerpt":{"rendered":"<p>Beratung \/ Coaching interkulturell mit Schwerpunkt Trauma-Integration und Stress-Management Individuell zugeschnittene Beratungs- und Weiterbildungskonzepte f\u00fcr Fachkr\u00e4fte und Organisationen \/ Initiativen \/ Projekte im Bereich der internationalen Entwicklungs-zusammenarbeit \/ Friedens- und Menschenrechts-Arbeit und humanit\u00e4ren Notfallhilfe. Themen Alle Themen sind f\u00fcr die Arbeit mit Gruppen &amp; Teams konzipiert, k\u00f6nnen aber auch gerne im Rahmen einer therapeutische Einzel-Begleitung &hellip; <\/p>\n<p class=\"link-more\"><a href=\"https:\/\/ruthardt-horneber.de\/?page_id=35\" class=\"more-link\">Continue reading<span class=\"screen-reader-text\"> &#8220;Angebote: trauma integration&#8221;<\/span><\/a><\/p>\n","protected":false},"author":1,"featured_media":0,"parent":0,"menu_order":0,"comment_status":"closed","ping_status":"closed","template":"","meta":[],"_links":{"self":[{"href":"https:\/\/ruthardt-horneber.de\/index.php?rest_route=\/wp\/v2\/pages\/35"}],"collection":[{"href":"https:\/\/ruthardt-horneber.de\/index.php?rest_route=\/wp\/v2\/pages"}],"about":[{"href":"https:\/\/ruthardt-horneber.de\/index.php?rest_route=\/wp\/v2\/types\/page"}],"author":[{"embeddable":true,"href":"https:\/\/ruthardt-horneber.de\/index.php?rest_route=\/wp\/v2\/users\/1"}],"replies":[{"embeddable":true,"href":"https:\/\/ruthardt-horneber.de\/index.php?rest_route=%2Fwp%2Fv2%2Fcomments&post=35"}],"version-history":[{"count":7,"href":"https:\/\/ruthardt-horneber.de\/index.php?rest_route=\/wp\/v2\/pages\/35\/revisions"}],"predecessor-version":[{"id":82,"href":"https:\/\/ruthardt-horneber.de\/index.php?rest_route=\/wp\/v2\/pages\/35\/revisions\/82"}],"wp:attachment":[{"href":"https:\/\/ruthardt-horneber.de\/index.php?rest_route=%2Fwp%2Fv2%2Fmedia&parent=35"}],"curies":[{"name":"wp","href":"https:\/\/api.w.org\/{rel}","templated":true}]}}