{"id":17,"date":"2023-03-03T14:32:52","date_gmt":"2023-03-03T14:32:52","guid":{"rendered":"https:\/\/ruthardt-horneber.de\/?page_id=17"},"modified":"2023-03-03T15:24:19","modified_gmt":"2023-03-03T15:24:19","slug":"konditionen-orte-preise-unterbringung","status":"publish","type":"page","link":"https:\/\/ruthardt-horneber.de\/?page_id=17","title":{"rendered":"Konditionen"},"content":{"rendered":"\n<h2>Orte<\/h2>\n\n\n\n<ul>\n<li>Einzelberatungen und kleinere Seminar-Veranstaltungen k\u00f6nnen in meinen Praxis- und Seminarr\u00e4umen in <a href=\"https:\/\/www.trauma-integration.org\/kontakt.html\">Guggenhausen \/ Kreis Ravensburg<\/a> stattfinden<\/li>\n\n\n\n<li>Inhouse-Trainings und \u2013Beratungen in R\u00e4umlichkeiten der auftraggebenden Organisation<\/li>\n\n\n\n<li>in den jeweiligen internationalen Projekt- und Einsatz-Orten<\/li>\n<\/ul>\n\n\n\n<h2>Preise<\/h2>\n\n\n\n<p>F\u00fcr mehrt\u00e4gige oder langfristige Konzepte werden entweder Honorarstundens\u00e4tze oder Beratungs-Tageshonorare vereinbart. Internationale Beratungseins\u00e4tze k\u00f6nnen auf Wunsch auch \u00fcber die <a href=\"http:\/\/www.fakt-consult.de\">Consulting FAKT in Stuttgart<\/a> abgewickelt werden, f\u00fcr die ich zeitweilig als freie Beraterin t\u00e4tig bin.<\/p>\n\n\n\n<p><strong><em>Supervision: <\/em><\/strong>Einzelsupervision&nbsp;(50 Min.) 90.- \u20ac<br>Teams&nbsp;(90 Min.)&nbsp;150.- bis 250.- \u20ac (Unterscheidung Non-Profit-\/Profit)<\/p>\n\n\n\n<p><em><strong>Begleitung<\/strong>:<\/em> Einzel-Termin (50 Min) 70.- \u20ac. Paargespr\u00e4che (90 Min) 150,- \u20ac.<br>(Es sind auch <a href=\"https:\/\/www.trauma-integration.org\/auszeit.html\">mehrt\u00e4gige Aufenthalte<\/a> mit begleitenden Gespr\u00e4chen m\u00f6glich.)<\/p>\n\n\n\n<p><em><strong>Coaching<\/strong>:<\/em> Einzelgespr\u00e4ch (50 Min.)&nbsp; 100.- \u20ac (F\u00fcr l\u00e4ngerfristige Prozesse und Telefon-\/Internet-Kontakte k\u00f6nnen gesonderte Konditionen vereinbart werden.)<\/p>\n\n\n\n<p><em><strong>Auszeit<\/strong>: <\/em>Preise siehe \u00dcbernachtung, au\u00dferdem M\u00f6glichkeit zur Teilnahme an gemeinsamen Mahlzeiten, Nutzung der anderen Angebote: Therapie, Beratung, Supervision, Coaching. Abkl\u00e4rung \u00fcber Kontakt-Adresse oder spontan vor Ort.<\/p>\n\n\n\n<h2>Unterbringung<\/h2>\n\n\n\n<p>Die Hofgemeinschaft Guggenhausen hat sch\u00f6ne einfache G\u00e4stezimmer. Einzelpersonen und Gruppen mit bis zu 10 Personen k\u00f6nnen \u00fcbernachten und die Selbstversorgerk\u00fcche nutzen. Wir haben einen gro\u00dfen Seminarraum mit \u00fcberdachter Terrasse, viel Garten ums Haus und einen Meditationsraum. Die l\u00e4ndliche Umgebung im oberschw\u00e4bischen Seen-Gebiet bietet Gelegenheit zu Wanderungen und Spazierg\u00e4ngen.<\/p>\n\n\n\n<p><a href=\"http:\/\/de.wikipedia.org\/wiki\/Guggenhausen\">Guggenhausen<\/a> hat etwa 20 H\u00e4user und eine Busstation. Abholung von nahe gelegener Bahn- oder Busstation (Altshausen oder Aulendorf) ist nach Absprache m\u00f6glich. Und Parkpl\u00e4tze gibt es auch!<\/p>\n\n\n\n<p>\u00dcbernachtung je nach Zimmer-Komfort<br>mit Fr\u00fchst\u00fcck 30 \u2013 50 \u20ac, ohne Fr\u00fchst\u00fcck 20 \u2013 40 \u20ac<\/p>\n","protected":false},"excerpt":{"rendered":"<p>Orte Preise F\u00fcr mehrt\u00e4gige oder langfristige Konzepte werden entweder Honorarstundens\u00e4tze oder Beratungs-Tageshonorare vereinbart. Internationale Beratungseins\u00e4tze k\u00f6nnen auf Wunsch auch \u00fcber die Consulting FAKT in Stuttgart abgewickelt werden, f\u00fcr die ich zeitweilig als freie Beraterin t\u00e4tig bin. Supervision: Einzelsupervision&nbsp;(50 Min.) 90.- \u20acTeams&nbsp;(90 Min.)&nbsp;150.- bis 250.- \u20ac (Unterscheidung Non-Profit-\/Profit) Begleitung: Einzel-Termin (50 Min) 70.- \u20ac. Paargespr\u00e4che (90 &hellip; <\/p>\n<p class=\"link-more\"><a href=\"https:\/\/ruthardt-horneber.de\/?page_id=17\" class=\"more-link\">Continue reading<span class=\"screen-reader-text\"> &#8220;Konditionen&#8221;<\/span><\/a><\/p>\n","protected":false},"author":1,"featured_media":0,"parent":0,"menu_order":0,"comment_status":"closed","ping_status":"closed","template":"","meta":[],"_links":{"self":[{"href":"https:\/\/ruthardt-horneber.de\/index.php?rest_route=\/wp\/v2\/pages\/17"}],"collection":[{"href":"https:\/\/ruthardt-horneber.de\/index.php?rest_route=\/wp\/v2\/pages"}],"about":[{"href":"https:\/\/ruthardt-horneber.de\/index.php?rest_route=\/wp\/v2\/types\/page"}],"author":[{"embeddable":true,"href":"https:\/\/ruthardt-horneber.de\/index.php?rest_route=\/wp\/v2\/users\/1"}],"replies":[{"embeddable":true,"href":"https:\/\/ruthardt-horneber.de\/index.php?rest_route=%2Fwp%2Fv2%2Fcomments&post=17"}],"version-history":[{"count":3,"href":"https:\/\/ruthardt-horneber.de\/index.php?rest_route=\/wp\/v2\/pages\/17\/revisions"}],"predecessor-version":[{"id":84,"href":"https:\/\/ruthardt-horneber.de\/index.php?rest_route=\/wp\/v2\/pages\/17\/revisions\/84"}],"wp:attachment":[{"href":"https:\/\/ruthardt-horneber.de\/index.php?rest_route=%2Fwp%2Fv2%2Fmedia&parent=17"}],"curies":[{"name":"wp","href":"https:\/\/api.w.org\/{rel}","templated":true}]}}